{"id":6551,"date":"2020-09-01T23:09:46","date_gmt":"2020-09-01T20:09:46","guid":{"rendered":"https:\/\/www.provamanken.com\/hakkimizda\/"},"modified":"2023-06-01T22:26:29","modified_gmt":"2023-06-01T19:26:29","slug":"about-us","status":"publish","type":"page","link":"https:\/\/www.provamanken.com\/en\/about-us\/","title":{"rendered":"About Us"},"content":{"rendered":"\t\t<div data-elementor-type=\"wp-page\" data-elementor-id=\"6551\" class=\"elementor elementor-6551 elementor-3736\">\n\t\t\t\t\t\t\t\t\t\n\t\t<section\t\t class=\"d-lazy-back elementor-section elementor-top-section elementor-element elementor-element-8bc7e5b elementor-section-stretched elementor-section-boxed elementor-section-height-default elementor-section-height-default\" data-lazy=\"http:\/\/provamanken.com\/wp-content\/uploads\/2023\/03\/provamanken-modablack.jpg\" data-id=\"8bc7e5b\" data-element_type=\"section\" data-settings=\"{&quot;background_background&quot;:&quot;classic&quot;,&quot;stretch_section&quot;:&quot;section-stretched&quot;}\">\n\t\t\n\t\t\t\t\t\t\t\t\t\t<div class=\"elementor-container elementor-column-gap-default\" >\n\n\t\t\t\t\n\t\t\t\t\t\t\t\t\t\t\t\t\t\t<div\t\t class=\" elementor-column elementor-col-100 elementor-top-column elementor-element elementor-element-fdd4484\" data-id=\"fdd4484\" data-element_type=\"column\">\n\t\t\t\n\t\t\t\n\t\t\t\n\t\t\t<div class=\"elementor-widget-wrap elementor-element-populated\">\n\t\t\t\t\t\t\t\t<div class=\" elementor-element elementor-element-53059f7 elementor-widget elementor-widget-heading\" data-id=\"53059f7\" data-element_type=\"widget\" data-widget_type=\"heading.default\">\n\t\t\t\t<div class=\"elementor-widget-container\">\n\t\t\t<style>\/*! elementor - v3.13.3 - 28-05-2023 *\/\n.elementor-heading-title{padding:0;margin:0;line-height:1}.elementor-widget-heading .elementor-heading-title[class*=elementor-size-]>a{color:inherit;font-size:inherit;line-height:inherit}.elementor-widget-heading .elementor-heading-title.elementor-size-small{font-size:15px}.elementor-widget-heading .elementor-heading-title.elementor-size-medium{font-size:19px}.elementor-widget-heading .elementor-heading-title.elementor-size-large{font-size:29px}.elementor-widget-heading .elementor-heading-title.elementor-size-xl{font-size:39px}.elementor-widget-heading .elementor-heading-title.elementor-size-xxl{font-size:59px}<\/style><h5 class=\"elementor-heading-title elementor-size-default\">MODABLACK<\/h5>\t\t<\/div>\n\t\t\t\t<\/div>\n\t\t\t\t<div class=\" elementor-element elementor-element-9827a40 elementor-widget elementor-widget-heading\" data-id=\"9827a40\" data-element_type=\"widget\" data-widget_type=\"heading.default\">\n\t\t\t\t<div class=\"elementor-widget-container\">\n\t\t\t<h3 class=\"elementor-heading-title elementor-size-default\">Rehearsal Mannequins<\/h3>\t\t<\/div>\n\t\t\t\t<\/div>\n\t\t\t\t<div class=\" elementor-element elementor-element-6333de9 elementor-widget elementor-widget-heading\" data-id=\"6333de9\" data-element_type=\"widget\" data-widget_type=\"heading.default\">\n\t\t\t\t<div class=\"elementor-widget-container\">\n\t\t\t<p class=\"elementor-heading-title elementor-size-default\">Rehearsal Mannequin,<br\/> manufactures fitting mannequins,<br\/> for many of the world's leading retailers and clothing brands<\/p>\t\t<\/div>\n\t\t\t\t<\/div>\n\t\t\n\t\t\n\t\t\t\t\t\t\t<\/div>\n\t\t\t\n\t\t<\/div>\n\t\t\t\t\t\t\t\t\t\t\t\t\t\t\t\t\t<\/div>\n\t\t\t\t\t\t<\/section>\n\t\t\t\t\n\t\t<section\t\t class=\" elementor-section elementor-top-section elementor-element elementor-element-272602a elementor-section-content-middle pb-10 elementor-section-boxed elementor-section-height-default elementor-section-height-default\" data-id=\"272602a\" data-element_type=\"section\">\n\t\t\n\t\t\t\t\t\t\t\t\t\t<div class=\"elementor-container elementor-column-gap-default\" >\n\n\t\t\t\t\n\t\t\t\t\t\t\t\t\t\t\t\t\t\t<div\t\t class=\" elementor-column elementor-col-33 elementor-top-column elementor-element elementor-element-25af00b\" data-id=\"25af00b\" data-element_type=\"column\">\n\t\t\t\n\t\t\t\n\t\t\t\n\t\t\t<div class=\"elementor-widget-wrap elementor-element-populated\">\n\t\t\t\t\t\t\t\t<div class=\" elementor-element elementor-element-ba9947c mx-lg-280 elementor-widget elementor-widget-heading\" data-id=\"ba9947c\" data-element_type=\"widget\" data-widget_type=\"heading.default\">\n\t\t\t\t<div class=\"elementor-widget-container\">\n\t\t\t<h5 class=\"elementor-heading-title elementor-size-default\">Moda Black Mannequins<\/h5>\t\t<\/div>\n\t\t\t\t<\/div>\n\t\t\t\t<div class=\" elementor-element elementor-element-607852a mx-lg-280 elementor-widget elementor-widget-heading\" data-id=\"607852a\" data-element_type=\"widget\" data-widget_type=\"heading.default\">\n\t\t\t\t<div class=\"elementor-widget-container\">\n\t\t\t<h3 class=\"elementor-heading-title elementor-size-default\">High quality Mannequins<\/h3>\t\t<\/div>\n\t\t\t\t<\/div>\n\t\t\t\t<div class=\" elementor-element elementor-element-9503e8f mx-lg-280 elementor-widget elementor-widget-heading\" data-id=\"9503e8f\" data-element_type=\"widget\" data-widget_type=\"heading.default\">\n\t\t\t\t<div class=\"elementor-widget-container\">\n\t\t\t<p class=\"elementor-heading-title elementor-size-default\">We customize, design, develop and manufacture high quality Rehearsal Mannequins.<\/p>\t\t<\/div>\n\t\t\t\t<\/div>\n\t\t\n\t\t\n\t\t\t\t\t\t\t<\/div>\n\t\t\t\n\t\t<\/div>\n\t\t\t\t<div\t\t class=\" elementor-column elementor-col-66 elementor-top-column elementor-element elementor-element-7c7470f counter-section\" data-id=\"7c7470f\" data-element_type=\"column\">\n\t\t\t\n\t\t\t\n\t\t\t\n\t\t\t<div class=\"elementor-widget-wrap elementor-element-populated\">\n\t\t\t\t\t\t\t\t\n\t\t<div\t\t class=\" elementor-section elementor-inner-section elementor-element elementor-element-5f3efdb pt-5 pb-5 elementor-section-boxed elementor-section-height-default elementor-section-height-default\" data-id=\"5f3efdb\" data-element_type=\"section\">\n\t\t\n\t\t\t\t\t\t\t\t\t\t<div class=\"elementor-container elementor-column-gap-default\" >\n\n\t\t\t\t\n\t\t\t\t\t\t\t\t\t\t\t\t\t\t<div\t\t class=\" elementor-column elementor-col-33 elementor-inner-column elementor-element elementor-element-df10a49 pl-2 pr-2\" data-id=\"df10a49\" data-element_type=\"column\">\n\t\t\t\n\t\t\t\n\t\t\t\n\t\t\t<div class=\"elementor-widget-wrap elementor-element-populated\">\n\t\t\t\t\t\t\t\t<div class=\" elementor-element elementor-element-3c8e63d custom-counter elementor-widget elementor-widget-counter\" data-id=\"3c8e63d\" data-element_type=\"widget\" data-widget_type=\"counter.default\">\n\t\t\t\t<div class=\"elementor-widget-container\">\n\t\t\t<style>\/*! elementor - v3.13.3 - 28-05-2023 *\/\n.elementor-counter .elementor-counter-number-wrapper{display:flex;font-size:69px;font-weight:600;line-height:1}.elementor-counter .elementor-counter-number-prefix,.elementor-counter .elementor-counter-number-suffix{flex-grow:1;white-space:pre-wrap}.elementor-counter .elementor-counter-number-prefix{text-align:right}.elementor-counter .elementor-counter-number-suffix{text-align:left}.elementor-counter .elementor-counter-title{text-align:center;font-size:19px;font-weight:400;line-height:2.5}<\/style>\t\t<div class=\"elementor-counter\">\n\t\t\t<div class=\"elementor-counter-number-wrapper\">\n\t\t\t\t<span class=\"elementor-counter-number-prefix\"><\/span>\n\t\t\t\t<span class=\"elementor-counter-number\" data-duration=\"2000\" data-to-value=\"20\" data-from-value=\"0\" data-delimiter=\",\">0<\/span>\n\t\t\t\t<span class=\"elementor-counter-number-suffix\">+<\/span>\n\t\t\t<\/div>\n\t\t\t\t\t\t\t<div class=\"elementor-counter-title\">Years of Experience<\/div>\n\t\t\t\t\t<\/div>\n\t\t\t\t<\/div>\n\t\t\t\t<\/div>\n\t\t\t\t<div class=\" elementor-element elementor-element-da960d4 elementor-widget elementor-widget-heading\" data-id=\"da960d4\" data-element_type=\"widget\" data-widget_type=\"heading.default\">\n\t\t\t\t<div class=\"elementor-widget-container\">\n\t\t\t<p class=\"elementor-heading-title elementor-size-default\">In the sector <br\/>\nOver 20 years of experience<\/p>\t\t<\/div>\n\t\t\t\t<\/div>\n\t\t\n\t\t\n\t\t\t\t\t\t\t<\/div>\n\t\t\t\n\t\t<\/div>\n\t\t\t\t<div\t\t class=\" elementor-column elementor-col-33 elementor-inner-column elementor-element elementor-element-974d356 pl-2 pr-2\" data-id=\"974d356\" data-element_type=\"column\">\n\t\t\t\n\t\t\t\n\t\t\t\n\t\t\t<div class=\"elementor-widget-wrap elementor-element-populated\">\n\t\t\t\t\t\t\t\t<div class=\" elementor-element elementor-element-54ac37e custom-counter elementor-widget elementor-widget-counter\" data-id=\"54ac37e\" data-element_type=\"widget\" data-widget_type=\"counter.default\">\n\t\t\t\t<div class=\"elementor-widget-container\">\n\t\t\t\t\t<div class=\"elementor-counter\">\n\t\t\t<div class=\"elementor-counter-number-wrapper\">\n\t\t\t\t<span class=\"elementor-counter-number-prefix\"><\/span>\n\t\t\t\t<span class=\"elementor-counter-number\" data-duration=\"2000\" data-to-value=\"50\" data-from-value=\"0\" data-delimiter=\",\">0<\/span>\n\t\t\t\t<span class=\"elementor-counter-number-suffix\">+<\/span>\n\t\t\t<\/div>\n\t\t\t\t\t\t\t<div class=\"elementor-counter-title\">Products<\/div>\n\t\t\t\t\t<\/div>\n\t\t\t\t<\/div>\n\t\t\t\t<\/div>\n\t\t\t\t<div class=\" elementor-element elementor-element-4691270 elementor-widget elementor-widget-heading\" data-id=\"4691270\" data-element_type=\"widget\" data-widget_type=\"heading.default\">\n\t\t\t\t<div class=\"elementor-widget-container\">\n\t\t\t<p class=\"elementor-heading-title elementor-size-default\">Special production<br\/>\ntailor fitting mannequins<\/p>\t\t<\/div>\n\t\t\t\t<\/div>\n\t\t\n\t\t\n\t\t\t\t\t\t\t<\/div>\n\t\t\t\n\t\t<\/div>\n\t\t\t\t<div\t\t class=\" elementor-column elementor-col-33 elementor-inner-column elementor-element elementor-element-2bdfebb pl-2 pr-2\" data-id=\"2bdfebb\" data-element_type=\"column\">\n\t\t\t\n\t\t\t\n\t\t\t\n\t\t\t<div class=\"elementor-widget-wrap elementor-element-populated\">\n\t\t\t\t\t\t\t\t<div class=\" elementor-element elementor-element-301af95 custom-counter elementor-widget elementor-widget-counter\" data-id=\"301af95\" data-element_type=\"widget\" data-widget_type=\"counter.default\">\n\t\t\t\t<div class=\"elementor-widget-container\">\n\t\t\t\t\t<div class=\"elementor-counter\">\n\t\t\t<div class=\"elementor-counter-number-wrapper\">\n\t\t\t\t<span class=\"elementor-counter-number-prefix\"><\/span>\n\t\t\t\t<span class=\"elementor-counter-number\" data-duration=\"2000\" data-to-value=\"500\" data-from-value=\"0\" data-delimiter=\",\">0<\/span>\n\t\t\t\t<span class=\"elementor-counter-number-suffix\">+<\/span>\n\t\t\t<\/div>\n\t\t\t\t\t\t\t<div class=\"elementor-counter-title\">Happy Customers<\/div>\n\t\t\t\t\t<\/div>\n\t\t\t\t<\/div>\n\t\t\t\t<\/div>\n\t\t\t\t<div class=\" elementor-element elementor-element-1240e81 elementor-widget elementor-widget-heading\" data-id=\"1240e81\" data-element_type=\"widget\" data-widget_type=\"heading.default\">\n\t\t\t\t<div class=\"elementor-widget-container\">\n\t\t\t<p class=\"elementor-heading-title elementor-size-default\">Happy Customers  <br\/>\nProfessional Rehearsal Models<\/p>\t\t<\/div>\n\t\t\t\t<\/div>\n\t\t\n\t\t\n\t\t\t\t\t\t\t<\/div>\n\t\t\t\n\t\t<\/div>\n\t\t\t\t\t\t\t\t\t\t\t\t\t\t\t\t\t<\/div>\n\t\t\t\t\t\t<\/div>\n\t\t\n\t\t\n\t\t\t\t\t\t\t<\/div>\n\t\t\t\n\t\t<\/div>\n\t\t\t\t\t\t\t\t\t\t\t\t\t\t\t\t\t<\/div>\n\t\t\t\t\t\t<\/section>\n\t\t\t\t\n\t\t<section\t\t class=\" elementor-section elementor-top-section elementor-element elementor-element-3022252 elementor-section-content-middle elementor-section-boxed elementor-section-height-default elementor-section-height-default\" data-id=\"3022252\" data-element_type=\"section\">\n\t\t\n\t\t\t\t\t\t\t\t\t\t<div class=\"elementor-container elementor-column-gap-default\" >\n\n\t\t\t\t\n\t\t\t\t\t\t\t\t\t\t\t\t\t\t<div\t\t class=\" elementor-column elementor-col-50 elementor-top-column elementor-element elementor-element-d772ef4\" data-id=\"d772ef4\" data-element_type=\"column\">\n\t\t\t\n\t\t\t\n\t\t\t\n\t\t\t<div class=\"elementor-widget-wrap elementor-element-populated\">\n\t\t\t\t\t\t\t\t<div class=\" elementor-element elementor-element-33ccb43 elementor-widget elementor-widget-image\" data-id=\"33ccb43\" data-element_type=\"widget\" data-widget_type=\"image.default\">\n\t\t\t\t<div class=\"elementor-widget-container\">\n\t\t\t<style>\/*! elementor - v3.13.3 - 28-05-2023 *\/\n.elementor-widget-image{text-align:center}.elementor-widget-image a{display:inline-block}.elementor-widget-image a img[src$=\".svg\"]{width:48px}.elementor-widget-image img{vertical-align:middle;display:inline-block}<\/style>\t\t\t\t\t\t\t\t\t\t\t\t<img decoding=\"async\" width=\"580\" height=\"507\" src=\"https:\/\/www.provamanken.com\/wp-content\/uploads\/2023\/03\/prova-manken-modablack.jpg\" class=\"attachment-large size-large wp-image-5894\" alt=\"Prova Mankenleri Terzi Prova Mankenleri Moda Black\" srcset=\"https:\/\/www.provamanken.com\/wp-content\/uploads\/2023\/03\/prova-manken-modablack.jpg 580w, https:\/\/www.provamanken.com\/wp-content\/uploads\/2023\/03\/prova-manken-modablack-300x262.jpg 300w, https:\/\/www.provamanken.com\/wp-content\/uploads\/2023\/03\/prova-manken-modablack-150x131.jpg 150w\" sizes=\"(max-width: 580px) 100vw, 580px\" \/>\t\t\t\t\t\t\t\t\t\t\t\t\t\t\t<\/div>\n\t\t\t\t<\/div>\n\t\t\n\t\t\n\t\t\t\t\t\t\t<\/div>\n\t\t\t\n\t\t<\/div>\n\t\t\t\t<div\t\t class=\" elementor-column elementor-col-50 elementor-top-column elementor-element elementor-element-064e51c\" data-id=\"064e51c\" data-element_type=\"column\">\n\t\t\t\n\t\t\t\n\t\t\t\n\t\t\t<div class=\"elementor-widget-wrap elementor-element-populated\">\n\t\t\t\t\t\t\t\t<div class=\" elementor-element elementor-element-8534313 elementor-widget elementor-widget-heading\" data-id=\"8534313\" data-element_type=\"widget\" data-widget_type=\"heading.default\">\n\t\t\t\t<div class=\"elementor-widget-container\">\n\t\t\t<h5 class=\"elementor-heading-title elementor-size-default\">Moda Black Mannequins<\/h5>\t\t<\/div>\n\t\t\t\t<\/div>\n\t\t\t\t<div class=\" elementor-element elementor-element-ad9efbc elementor-widget elementor-widget-heading\" data-id=\"ad9efbc\" data-element_type=\"widget\" data-widget_type=\"heading.default\">\n\t\t\t\t<div class=\"elementor-widget-container\">\n\t\t\t<h3 class=\"elementor-heading-title elementor-size-default\">Professional custom <br\/>\nRehearsal Mannequins<\/h3>\t\t<\/div>\n\t\t\t\t<\/div>\n\t\t\t\t<div class=\" elementor-element elementor-element-cfaccfe mb-8 elementor-widget elementor-widget-heading\" data-id=\"cfaccfe\" data-element_type=\"widget\" data-widget_type=\"heading.default\">\n\t\t\t\t<div class=\"elementor-widget-container\">\n\t\t\t<p class=\"elementor-heading-title elementor-size-default\">Fashion Black was established in \u015ei\u015fli - Okmeydan\u0131 in 2000 with the aim of producing professional special rehearsal mannequins.<\/br><\/br>\n \nOur goal is to meet the need for better quality and professional rehearsal mannequins in real sizes by catching the same proportion with live rehearsal mannequin sizes in the most suitable forms for human anatomy in the rapidly developing textile and fashion sector.\n<\/br><\/br>\nSince the first day we were founded, we have designed extraordinary products by exceeding the standards. Modablack Provamanken is the only address where you can turn the magnificent dreams in your mind into reality.<\/p>\t\t<\/div>\n\t\t\t\t<\/div>\n\t\t\t\t<div class=\" elementor-element elementor-element-1b25eea elementor-widget elementor-widget-riode_widget_button\" data-id=\"1b25eea\" data-element_type=\"widget\" data-widget_type=\"riode_widget_button.default\">\n\t\t\t\t<div class=\"elementor-widget-container\">\n\t\t\t<a class=\"btn btn-link btn-underline  btn-dark btn-icon-right\" href=\"http:\/\/provamanken.com\/provamankeni\/prova-mankenleri\/\" >Our Rehearsal Mannequins Products<i class=\"  d-icon-arrow-right\"><\/i><\/a>\t\t<\/div>\n\t\t\t\t<\/div>\n\t\t\n\t\t\n\t\t\t\t\t\t\t<\/div>\n\t\t\t\n\t\t<\/div>\n\t\t\t\t\t\t\t\t\t\t\t\t\t\t\t\t\t<\/div>\n\t\t\t\t\t\t<\/section>\n\t\t\t\t\n\t\t<section\t\t class=\" elementor-section elementor-top-section elementor-element elementor-element-a6a8fbb elementor-section-content-middle elementor-section-boxed elementor-section-height-default elementor-section-height-default\" data-id=\"a6a8fbb\" data-element_type=\"section\">\n\t\t\n\t\t\t\t\t\t\t\t\t\t<div class=\"elementor-container elementor-column-gap-default\" >\n\n\t\t\t\t\n\t\t\t\t\t\t\t\t\t\t\t\t\t\t<div\t\t class=\" elementor-column elementor-col-50 elementor-top-column elementor-element elementor-element-250f75e pl-md-10 pl-0\" data-id=\"250f75e\" data-element_type=\"column\">\n\t\t\t\n\t\t\t\n\t\t\t\n\t\t\t<div class=\"elementor-widget-wrap elementor-element-populated\">\n\t\t\t\t\t\t\t\t<div class=\" elementor-element elementor-element-1ac4bce elementor-widget elementor-widget-heading\" data-id=\"1ac4bce\" data-element_type=\"widget\" data-widget_type=\"heading.default\">\n\t\t\t\t<div class=\"elementor-widget-container\">\n\t\t\t<h5 class=\"elementor-heading-title elementor-size-default\">Moda Black Mannequins<\/h5>\t\t<\/div>\n\t\t\t\t<\/div>\n\t\t\t\t<div class=\" elementor-element elementor-element-489802e elementor-widget elementor-widget-heading\" data-id=\"489802e\" data-element_type=\"widget\" data-widget_type=\"heading.default\">\n\t\t\t\t<div class=\"elementor-widget-container\">\n\t\t\t<h3 class=\"elementor-heading-title elementor-size-default\">Professional Tailor Mannequin Production<\/h3>\t\t<\/div>\n\t\t\t\t<\/div>\n\t\t\t\t<div class=\" elementor-element elementor-element-4a44abf mb-8 elementor-widget elementor-widget-heading\" data-id=\"4a44abf\" data-element_type=\"widget\" data-widget_type=\"heading.default\">\n\t\t\t\t<div class=\"elementor-widget-container\">\n\t\t\t<p class=\"elementor-heading-title elementor-size-default\">We customize, design, develop and manufacture Rehearsal Mannequins. We distinguish our product by guaranteeing: a high quality product and fast delivery.<\/br><\/br>\n\nWe are passionate about our work and focused on understanding your needs. Our proven industry experience of over 20 years in retail, wholesale, visual merchandising and concept development allows us to produce each proofing mannequin with a unique charisma, because we understand that every brand needs its own character.<\/p>\t\t<\/div>\n\t\t\t\t<\/div>\n\t\t\t\t<div class=\" elementor-element elementor-element-c09afce elementor-widget elementor-widget-riode_widget_button\" data-id=\"c09afce\" data-element_type=\"widget\" data-widget_type=\"riode_widget_button.default\">\n\t\t\t\t<div class=\"elementor-widget-container\">\n\t\t\t<a class=\"btn btn-link btn-underline  btn-dark btn-icon-right\" href=\"http:\/\/provamanken.com\/provamankeni\/prova-mankenleri\/\" >Our Rehearsal Mannequins Products<i class=\"  d-icon-arrow-right\"><\/i><\/a>\t\t<\/div>\n\t\t\t\t<\/div>\n\t\t\n\t\t\n\t\t\t\t\t\t\t<\/div>\n\t\t\t\n\t\t<\/div>\n\t\t\t\t<div\t\t class=\" elementor-column elementor-col-50 elementor-top-column elementor-element elementor-element-9e9c985\" data-id=\"9e9c985\" data-element_type=\"column\">\n\t\t\t\n\t\t\t\n\t\t\t\n\t\t\t<div class=\"elementor-widget-wrap elementor-element-populated\">\n\t\t\t\t\t\t\t\t<div class=\" elementor-element elementor-element-48344ce elementor-widget elementor-widget-image\" data-id=\"48344ce\" data-element_type=\"widget\" data-widget_type=\"image.default\">\n\t\t\t\t<div class=\"elementor-widget-container\">\n\t\t\t\t\t\t\t\t\t\t\t\t\t\t\t<img decoding=\"async\" width=\"580\" height=\"507\" src=\"https:\/\/www.provamanken.com\/wp-content\/uploads\/2023\/03\/terzi-prova-mankenler-modablack.jpg\" class=\"attachment-large size-large wp-image-5898\" alt=\"prova manken moda black\" srcset=\"https:\/\/www.provamanken.com\/wp-content\/uploads\/2023\/03\/terzi-prova-mankenler-modablack.jpg 580w, https:\/\/www.provamanken.com\/wp-content\/uploads\/2023\/03\/terzi-prova-mankenler-modablack-300x262.jpg 300w, https:\/\/www.provamanken.com\/wp-content\/uploads\/2023\/03\/terzi-prova-mankenler-modablack-150x131.jpg 150w\" sizes=\"(max-width: 580px) 100vw, 580px\" \/>\t\t\t\t\t\t\t\t\t\t\t\t\t\t\t<\/div>\n\t\t\t\t<\/div>\n\t\t\n\t\t\n\t\t\t\t\t\t\t<\/div>\n\t\t\t\n\t\t<\/div>\n\t\t\t\t\t\t\t\t\t\t\t\t\t\t\t\t\t<\/div>\n\t\t\t\t\t\t<\/section>\n\t\t\t\t\t\t\t<\/div>\n\t\t","protected":false},"excerpt":{"rendered":"<p>MODABLACK Rehearsal Mannequins Rehearsal Mannequin, manufactures fitting mannequins, for many of the world&#8217;s leading retailers and clothing brands Moda Black Mannequins High quality Mannequins We customize, design, develop and manufacture high quality Rehearsal Mannequins. 0 + Years of Experience In the sector Over 20 years of experience 0 + Products Special production tailor fitting mannequins [&hellip;]<\/p>\n","protected":false},"author":1,"featured_media":0,"parent":0,"menu_order":0,"comment_status":"closed","ping_status":"closed","template":"","meta":{"footnotes":""},"class_list":["post-6551","page","type-page","status-publish","hentry"],"_links":{"self":[{"href":"https:\/\/www.provamanken.com\/en\/wp-json\/wp\/v2\/pages\/6551","targetHints":{"allow":["GET"]}}],"collection":[{"href":"https:\/\/www.provamanken.com\/en\/wp-json\/wp\/v2\/pages"}],"about":[{"href":"https:\/\/www.provamanken.com\/en\/wp-json\/wp\/v2\/types\/page"}],"author":[{"embeddable":true,"href":"https:\/\/www.provamanken.com\/en\/wp-json\/wp\/v2\/users\/1"}],"replies":[{"embeddable":true,"href":"https:\/\/www.provamanken.com\/en\/wp-json\/wp\/v2\/comments?post=6551"}],"version-history":[{"count":43,"href":"https:\/\/www.provamanken.com\/en\/wp-json\/wp\/v2\/pages\/6551\/revisions"}],"predecessor-version":[{"id":6653,"href":"https:\/\/www.provamanken.com\/en\/wp-json\/wp\/v2\/pages\/6551\/revisions\/6653"}],"wp:attachment":[{"href":"https:\/\/www.provamanken.com\/en\/wp-json\/wp\/v2\/media?parent=6551"}],"curies":[{"name":"wp","href":"https:\/\/api.w.org\/{rel}","templated":true}]}}