{"id":6623,"date":"2020-09-01T23:11:21","date_gmt":"2020-09-01T20:11:21","guid":{"rendered":"https:\/\/www.provamanken.com\/iletisim\/"},"modified":"2023-06-03T15:56:25","modified_gmt":"2023-06-03T12:56:25","slug":"contact-us","status":"publish","type":"page","link":"https:\/\/www.provamanken.com\/en\/contact-us\/","title":{"rendered":"Contact Us"},"content":{"rendered":"\t\t<div data-elementor-type=\"wp-page\" data-elementor-id=\"6623\" class=\"elementor elementor-6623 elementor-20\">\n\t\t\t\t\t\t\t\t\t\n\t\t<section\t\t class=\"d-lazy-back elementor-section elementor-top-section elementor-element elementor-element-6eb5cd3 elementor-section-stretched elementor-section-boxed elementor-section-height-default elementor-section-height-default\" style=\"background-color:#f4f4f4;\" data-lazy=\"http:\/\/provamanken.com\/wp-content\/uploads\/2023\/03\/provamanken-modablack-iletisim.jpg\" data-id=\"6eb5cd3\" data-element_type=\"section\" data-settings=\"{&quot;background_background&quot;:&quot;classic&quot;,&quot;stretch_section&quot;:&quot;section-stretched&quot;}\">\n\t\t\n\t\t\t\t\t\t\t\t\t\t<div class=\"elementor-container elementor-column-gap-default\" >\n\n\t\t\t\t\n\t\t\t\t\t\t\t\t\t\t\t\t\t\t<div\t\t class=\" elementor-column elementor-col-100 elementor-top-column elementor-element elementor-element-72f6737\" data-id=\"72f6737\" data-element_type=\"column\">\n\t\t\t\n\t\t\t\n\t\t\t\n\t\t\t<div class=\"elementor-widget-wrap\">\n\t\t\t\t\t\t\n\t\t\n\t\t\t\t\t\t\t<\/div>\n\t\t\t\n\t\t<\/div>\n\t\t\t\t\t\t\t\t\t\t\t\t\t\t\t\t\t<\/div>\n\t\t\t\t\t\t<\/section>\n\t\t\t\t\n\t\t<section\t\t class=\" elementor-section elementor-top-section elementor-element elementor-element-7d90ff8 mt-10 pt-7 mb-10 pb-7 form-section elementor-section-content-middle elementor-section-boxed elementor-section-height-default elementor-section-height-default\" data-id=\"7d90ff8\" data-element_type=\"section\">\n\t\t\n\t\t\t\t\t\t\t\t\t\t<div class=\"elementor-container elementor-column-gap-default\" >\n\n\t\t\t\t\n\t\t\t\t\t\t\t\t\t\t\t\t\t\t<div\t\t class=\" elementor-column elementor-col-50 elementor-top-column elementor-element elementor-element-7df616f contact-list pl-2 pr-2 mb-4 mb-sm-0\" data-id=\"7df616f\" data-element_type=\"column\" data-settings=\"{&quot;background_background&quot;:&quot;classic&quot;}\">\n\t\t\t\n\t\t\t\n\t\t\t\n\t\t\t<div class=\"elementor-widget-wrap elementor-element-populated\">\n\t\t\t\t\t\t\t\t<div class=\" elementor-element elementor-element-95504f3 elementor-widget elementor-widget-heading\" data-id=\"95504f3\" data-element_type=\"widget\" data-widget_type=\"heading.default\">\n\t\t\t\t<div class=\"elementor-widget-container\">\n\t\t\t<style>\/*! elementor - v3.13.3 - 28-05-2023 *\/\n.elementor-heading-title{padding:0;margin:0;line-height:1}.elementor-widget-heading .elementor-heading-title[class*=elementor-size-]>a{color:inherit;font-size:inherit;line-height:inherit}.elementor-widget-heading .elementor-heading-title.elementor-size-small{font-size:15px}.elementor-widget-heading .elementor-heading-title.elementor-size-medium{font-size:19px}.elementor-widget-heading .elementor-heading-title.elementor-size-large{font-size:29px}.elementor-widget-heading .elementor-heading-title.elementor-size-xl{font-size:39px}.elementor-widget-heading .elementor-heading-title.elementor-size-xxl{font-size:59px}<\/style><h5 class=\"elementor-heading-title elementor-size-default\">Adress:<\/h5>\t\t<\/div>\n\t\t\t\t<\/div>\n\t\t\t\t<div class=\" elementor-element elementor-element-c81cb60 mx-200 mb-6 elementor-widget elementor-widget-heading\" data-id=\"c81cb60\" data-element_type=\"widget\" data-widget_type=\"heading.default\">\n\t\t\t\t<div class=\"elementor-widget-container\">\n\t\t\t<p class=\"elementor-heading-title elementor-size-default\">Mahmut \u015eevket Pa\u015fa Mah<br\/>\nHafik Cad. No:35 Daire:2\nOkmeydan\u0131, \u015ei\u015fli\/\u0130stanbul\n<\/p>\t\t<\/div>\n\t\t\t\t<\/div>\n\t\t\t\t<div class=\" elementor-element elementor-element-4841ba5 elementor-widget elementor-widget-heading\" data-id=\"4841ba5\" data-element_type=\"widget\" data-widget_type=\"heading.default\">\n\t\t\t\t<div class=\"elementor-widget-container\">\n\t\t\t<h5 class=\"elementor-heading-title elementor-size-default\">Phone:<\/h5>\t\t<\/div>\n\t\t\t\t<\/div>\n\t\t\t\t<div class=\" elementor-element elementor-element-a02c959 mx-200 elementor-widget elementor-widget-heading\" data-id=\"a02c959\" data-element_type=\"widget\" data-widget_type=\"heading.default\">\n\t\t\t\t<div class=\"elementor-widget-container\">\n\t\t\t<p class=\"elementor-heading-title elementor-size-default\">H.\u0130brahim Akg\u00fcn<br\/>\n0554 341 51 40\n<\/p>\t\t<\/div>\n\t\t\t\t<\/div>\n\t\t\t\t<div class=\" elementor-element elementor-element-6419b08 elementor-widget elementor-widget-heading\" data-id=\"6419b08\" data-element_type=\"widget\" data-widget_type=\"heading.default\">\n\t\t\t\t<div class=\"elementor-widget-container\">\n\t\t\t<h5 class=\"elementor-heading-title elementor-size-default\">Email:<\/h5>\t\t<\/div>\n\t\t\t\t<\/div>\n\t\t\t\t<div class=\" elementor-element elementor-element-d9bf9c2 mx-200 mb-4 elementor-widget elementor-widget-heading\" data-id=\"d9bf9c2\" data-element_type=\"widget\" data-widget_type=\"heading.default\">\n\t\t\t\t<div class=\"elementor-widget-container\">\n\t\t\t<p class=\"elementor-heading-title elementor-size-default\"><a href=\"mailto:prova@provamanken.com\" target=\"_blank\">prova@provamanken.com<\/a><br\/>\n<\/p>\t\t<\/div>\n\t\t\t\t<\/div>\n\t\t\n\t\t\n\t\t\t\t\t\t\t<\/div>\n\t\t\t\n\t\t<\/div>\n\t\t\t\t<div\t\t class=\" elementor-column elementor-col-50 elementor-top-column elementor-element elementor-element-2af9145 pl-2\" data-id=\"2af9145\" data-element_type=\"column\" data-settings=\"{&quot;background_background&quot;:&quot;classic&quot;}\">\n\t\t\t\n\t\t\t\n\t\t\t\n\t\t\t<div class=\"elementor-widget-wrap elementor-element-populated\">\n\t\t\t\t\t\t\t\t<div class=\" elementor-element elementor-element-8bc1f1c elementor-widget elementor-widget-heading\" data-id=\"8bc1f1c\" data-element_type=\"widget\" data-widget_type=\"heading.default\">\n\t\t\t\t<div class=\"elementor-widget-container\">\n\t\t\t<h3 class=\"elementor-heading-title elementor-size-default\">Moda Black Prova Manken<\/h3>\t\t<\/div>\n\t\t\t\t<\/div>\n\t\t\t\t<div class=\" elementor-element elementor-element-0524716 elementor-widget elementor-widget-wpforms\" data-id=\"0524716\" data-element_type=\"widget\" data-widget_type=\"wpforms.default\">\n\t\t\t\t<div class=\"elementor-widget-container\">\n\t\t\t<div class=\"wpforms-container wpforms-container-full\" id=\"wpforms-6719\"><form id=\"wpforms-form-6719\" class=\"wpforms-validate wpforms-form\" data-formid=\"6719\" method=\"post\" enctype=\"multipart\/form-data\" action=\"\/en\/wp-json\/wp\/v2\/pages\/6623\" data-token=\"4c58e358b187e7180357cc9b6554ca55\"><noscript class=\"wpforms-error-noscript\">Please enable JavaScript in your browser to complete this form.<\/noscript><div class=\"wpforms-field-container\"><div id=\"wpforms-6719-field_6-container\" class=\"wpforms-field wpforms-field-layout\" data-field-id=\"6\"><label class=\"wpforms-field-label wpforms-label-hide\" for=\"wpforms-6719-field_6\">Yerle\u015fim<\/label><div class=\"wpforms-field-layout-columns wpforms-field-layout-preset-50-50\"><div class=\"wpforms-layout-column wpforms-layout-column-50\"><div id=\"wpforms-6719-field_2-container\" class=\"wpforms-field wpforms-field-name\" data-field-id=\"2\"><label class=\"wpforms-field-label\" for=\"wpforms-6719-field_2\">Name &amp; Surname <span class=\"wpforms-required-label\">*<\/span><\/label><input type=\"text\" id=\"wpforms-6719-field_2\" class=\"wpforms-field-small wpforms-field-required\" name=\"wpforms[fields][2]\" required><\/div><\/div><div class=\"wpforms-layout-column wpforms-layout-column-50\"><\/div><\/div><\/div><div id=\"wpforms-6719-field_10-container\" class=\"wpforms-field wpforms-field-layout\" data-field-id=\"10\"><label class=\"wpforms-field-label wpforms-label-hide\" for=\"wpforms-6719-field_10\">Yerle\u015fim<\/label><div class=\"wpforms-field-layout-columns wpforms-field-layout-preset-33-33-33\"><div class=\"wpforms-layout-column wpforms-layout-column-33\"><div id=\"wpforms-6719-field_3-container\" class=\"wpforms-field wpforms-field-email\" data-field-id=\"3\"><label class=\"wpforms-field-label\" for=\"wpforms-6719-field_3\">Email <span class=\"wpforms-required-label\">*<\/span><\/label><input type=\"email\" id=\"wpforms-6719-field_3\" class=\"wpforms-field-small wpforms-field-required\" name=\"wpforms[fields][3]\" required><\/div><\/div><div class=\"wpforms-layout-column wpforms-layout-column-33\"><div id=\"wpforms-6719-field_4-container\" class=\"wpforms-field wpforms-field-phone\" data-field-id=\"4\"><label class=\"wpforms-field-label\" for=\"wpforms-6719-field_4\">Phone:<\/label><input type=\"tel\" id=\"wpforms-6719-field_4\" class=\"wpforms-field-small\" data-rule-int-phone-field=\"true\" name=\"wpforms[fields][4]\" ><\/div><\/div><div class=\"wpforms-layout-column wpforms-layout-column-33\"><\/div><\/div><\/div><div id=\"wpforms-6719-field_1-container\" class=\"wpforms-field wpforms-field-text\" data-field-id=\"1\"><label class=\"wpforms-field-label\" for=\"wpforms-6719-field_1\">Subject:<\/label><input type=\"text\" id=\"wpforms-6719-field_1\" class=\"wpforms-field-small\" name=\"wpforms[fields][1]\" ><\/div><div id=\"wpforms-6719-field_9-container\" class=\"wpforms-field wpforms-field-layout\" data-field-id=\"9\"><label class=\"wpforms-field-label wpforms-label-hide\" for=\"wpforms-6719-field_9\">Yerle\u015fim<\/label><div class=\"wpforms-field-layout-columns wpforms-field-layout-preset-50-50\"><div class=\"wpforms-layout-column wpforms-layout-column-50\"><div id=\"wpforms-6719-field_5-container\" class=\"wpforms-field wpforms-field-textarea\" data-field-id=\"5\"><label class=\"wpforms-field-label\" for=\"wpforms-6719-field_5\">Your Message:<\/label><textarea id=\"wpforms-6719-field_5\" class=\"wpforms-field-medium\" name=\"wpforms[fields][5]\" ><\/textarea><\/div><\/div><div class=\"wpforms-layout-column wpforms-layout-column-50\"><\/div><\/div><\/div><\/div><div class=\"wpforms-submit-container\"><input type=\"hidden\" name=\"wpforms[id]\" value=\"6719\"><input type=\"hidden\" name=\"wpforms[author]\" value=\"1\"><button type=\"submit\" name=\"wpforms[submit]\" id=\"wpforms-submit-6719\" class=\"wpforms-submit\" data-alt-text=\"Sending...\" data-submit-text=\"Send\" aria-live=\"assertive\" value=\"wpforms-submit\">Send<\/button><\/div><\/form><\/div>  <!-- .wpforms-container -->\t\t<\/div>\n\t\t\t\t<\/div>\n\t\t\t\t<div class=\" elementor-element elementor-element-9073786 connect-form elementor-widget elementor-widget-shortcode\" data-id=\"9073786\" data-element_type=\"widget\" data-widget_type=\"shortcode.default\">\n\t\t\t\t<div class=\"elementor-widget-container\">\n\t\t\t\t\t<div class=\"elementor-shortcode\"><\/div>\n\t\t\t\t<\/div>\n\t\t\t\t<\/div>\n\t\t\n\t\t\n\t\t\t\t\t\t\t<\/div>\n\t\t\t\n\t\t<\/div>\n\t\t\t\t\t\t\t\t\t\t\t\t\t\t\t\t\t<\/div>\n\t\t\t\t\t\t<\/section>\n\t\t\t\t\n\t\t<div\t\t class=\" elementor-section elementor-top-section elementor-element elementor-element-9d49de1 elementor-section-full_width elementor-section-height-default elementor-section-height-default\" data-id=\"9d49de1\" data-element_type=\"section\">\n\t\t\n\t\t\t\t\t\t\t\t\t\t<div class=\"elementor-container elementor-column-gap-no\" >\n\n\t\t\t\t\n\t\t\t\t\t\t\t\t\t\t\t\t\t\t<div\t\t class=\" elementor-column elementor-col-100 elementor-top-column elementor-element elementor-element-55b7953\" data-id=\"55b7953\" data-element_type=\"column\">\n\t\t\t\n\t\t\t\n\t\t\t\n\t\t\t<div class=\"elementor-widget-wrap elementor-element-populated\">\n\t\t\t\t\t\t\t\t<div class=\" elementor-element elementor-element-c826de0 elementor-widget elementor-widget-google_maps\" data-id=\"c826de0\" data-element_type=\"widget\" data-widget_type=\"google_maps.default\">\n\t\t\t\t<div class=\"elementor-widget-container\">\n\t\t\t<style>\/*! elementor - v3.13.3 - 28-05-2023 *\/\n.elementor-widget-google_maps .elementor-widget-container{overflow:hidden}.elementor-widget-google_maps .elementor-custom-embed{line-height:0}.elementor-widget-google_maps iframe{height:300px}<\/style>\t\t<div class=\"elementor-custom-embed\">\n\t\t\t<iframe loading=\"lazy\"\n\t\t\t\t\tsrc=\"https:\/\/maps.google.com\/maps?q=Prova%20Manken%20-%20Modablack&#038;t=m&#038;z=12&#038;output=embed&#038;iwloc=near\"\n\t\t\t\t\ttitle=\"Prova Manken - Modablack\"\n\t\t\t\t\taria-label=\"Prova Manken - Modablack\"\n\t\t\t><\/iframe>\n\t\t<\/div>\n\t\t\t\t<\/div>\n\t\t\t\t<\/div>\n\t\t\n\t\t\n\t\t\t\t\t\t\t<\/div>\n\t\t\t\n\t\t<\/div>\n\t\t\t\t\t\t\t\t\t\t\t\t\t\t\t\t\t<\/div>\n\t\t\t\t\t\t<\/div>\n\t\t\t\t\t\t\t<\/div>\n\t\t","protected":false},"excerpt":{"rendered":"<p>Adress: Mahmut \u015eevket Pa\u015fa Mah Hafik Cad. No:35 Daire:2 Okmeydan\u0131, \u015ei\u015fli\/\u0130stanbul Phone: H.\u0130brahim Akg\u00fcn 0554 341 51 40 Email: prova@provamanken.com Moda Black Prova Manken<\/p>\n","protected":false},"author":1,"featured_media":0,"parent":0,"menu_order":0,"comment_status":"closed","ping_status":"closed","template":"","meta":{"footnotes":""},"class_list":["post-6623","page","type-page","status-publish","hentry"],"_links":{"self":[{"href":"https:\/\/www.provamanken.com\/en\/wp-json\/wp\/v2\/pages\/6623","targetHints":{"allow":["GET"]}}],"collection":[{"href":"https:\/\/www.provamanken.com\/en\/wp-json\/wp\/v2\/pages"}],"about":[{"href":"https:\/\/www.provamanken.com\/en\/wp-json\/wp\/v2\/types\/page"}],"author":[{"embeddable":true,"href":"https:\/\/www.provamanken.com\/en\/wp-json\/wp\/v2\/users\/1"}],"replies":[{"embeddable":true,"href":"https:\/\/www.provamanken.com\/en\/wp-json\/wp\/v2\/comments?post=6623"}],"version-history":[{"count":10,"href":"https:\/\/www.provamanken.com\/en\/wp-json\/wp\/v2\/pages\/6623\/revisions"}],"predecessor-version":[{"id":6726,"href":"https:\/\/www.provamanken.com\/en\/wp-json\/wp\/v2\/pages\/6623\/revisions\/6726"}],"wp:attachment":[{"href":"https:\/\/www.provamanken.com\/en\/wp-json\/wp\/v2\/media?parent=6623"}],"curies":[{"name":"wp","href":"https:\/\/api.w.org\/{rel}","templated":true}]}}