{"id":6673,"date":"2023-05-03T04:37:40","date_gmt":"2023-05-03T01:37:40","guid":{"rendered":"https:\/\/www.provamanken.com\/urun\/uncategorized\/bayan-pinokyo-kollu-yarim-bacak-prova-mankeni\/"},"modified":"2023-06-03T00:12:58","modified_gmt":"2023-06-02T21:12:58","slug":"female-pinocchio-half-leg-rehearsal-mannequin-with-sleeves","status":"publish","type":"product","link":"https:\/\/www.provamanken.com\/en\/urun\/pinocchio-sleeve-rehearsal-mannequin\/female-pinocchio-half-leg-rehearsal-mannequin-with-sleeves\/","title":{"rendered":"Female Pinocchio Half Leg Rehearsal Mannequin with Sleeves"},"content":{"rendered":"<p><strong>Female Pinocchio Half Leg Rehearsal Mannequin with Sleeves<\/strong><\/p>\n<div id=\"footable_parent_6090\"\n         class=\" footable_parent ninja_table_wrapper loading_ninja_table wp_table_data_press_parent semantic_ui \">\n                <table data-ninja_table_instance=\"ninja_table_instance_0\" data-footable_id=\"6090\" data-filter-delay=\"1000\" aria-label=\"bayan-prova-mankeni-beden-\u00f6l\u00e7\u00fc-tablosu.csv\"            id=\"footable_6090\"\n           data-unique_identifier=\"ninja_table_unique_id_1210042862_6090\"\n           class=\" foo-table ninja_footable foo_table_6090 ninja_table_unique_id_1210042862_6090 ui table  nt_type_legacy_table selectable striped vertical_centered  footable-paging-right ninja_table_pro\">\n                <colgroup>\n                            <col class=\"ninja_column_0 \">\n                            <col class=\"ninja_column_1 \">\n                            <col class=\"ninja_column_2 \">\n                            <col class=\"ninja_column_3 \">\n                            <col class=\"ninja_column_4 \">\n                    <\/colgroup>\n        <thead>\n<tr class=\"footable-header\">\n                                                                                        <th scope=\"col\"  class=\"ninja_column_0 ninja_clmn_nm_bayanprovamanken \">Bayan Prova Manken<\/th><th scope=\"col\"  class=\"ninja_column_1 ninja_clmn_nm_36beden \">36 Beden<\/th><th scope=\"col\"  class=\"ninja_column_2 ninja_clmn_nm_38beden \">38 Beden<\/th><th scope=\"col\"  class=\"ninja_column_3 ninja_clmn_nm_4beden \">40 Beden<\/th><th scope=\"col\"  class=\"ninja_column_4 ninja_clmn_nm_445beden \">44.5 Beden<\/th><\/tr>\n<\/thead>\n<tbody>\n\n        <tr data-row_id=\"1\" class=\"ninja_table_row_0 nt_row_id_1\">\n            <td>G\u00f6\u011f\u00fcs<\/td><td>86<\/td><td>90<\/td><td>94<\/td><td>104<\/td>        <\/tr>\n            <tr data-row_id=\"2\" class=\"ninja_table_row_1 nt_row_id_2\">\n            <td>Bel<\/td><td>66<\/td><td>70<\/td><td>74<\/td><td>86<\/td>        <\/tr>\n            <tr data-row_id=\"3\" class=\"ninja_table_row_2 nt_row_id_3\">\n            <td>Basen<\/td><td>93,5<\/td><td>96<\/td><td>100<\/td><td>110<\/td>        <\/tr>\n            <tr data-row_id=\"4\" class=\"ninja_table_row_3 nt_row_id_4\">\n            <td>Omuz<\/td><td>11,5<\/td><td>12<\/td><td>12<\/td><td>13<\/td>        <\/tr>\n            <tr data-row_id=\"5\" class=\"ninja_table_row_4 nt_row_id_5\">\n            <td>Omuzdan G\u00f6\u011f\u00fcs Ucu<\/td><td>26,5<\/td><td>27<\/td><td>27,5<\/td><td>29,5<\/td>        <\/tr>\n            <tr data-row_id=\"6\" class=\"ninja_table_row_5 nt_row_id_6\">\n            <td>Omuzdan G\u00f6\u011f\u00fcs Alt\u0131<\/td><td>34<\/td><td>35<\/td><td>35,5<\/td><td>38<\/td>        <\/tr>\n            <tr data-row_id=\"7\" class=\"ninja_table_row_6 nt_row_id_7\">\n            <td>\u00d6n Ayna<\/td><td>34<\/td><td>35<\/td><td>36<\/td><td>37,5<\/td>        <\/tr>\n            <tr data-row_id=\"8\" class=\"ninja_table_row_7 nt_row_id_8\">\n            <td>Arka Ayna<\/td><td>35<\/td><td>36<\/td><td>37<\/td><td>38,5<\/td>        <\/tr>\n            <tr data-row_id=\"9\" class=\"ninja_table_row_8 nt_row_id_9\">\n            <td>Omuzdan Omuz<\/td><td>37<\/td><td>38<\/td><td>39<\/td><td>41<\/td>        <\/tr>\n            <tr data-row_id=\"10\" class=\"ninja_table_row_9 nt_row_id_10\">\n            <td>Kol Boyu<\/td><td>59,5<\/td><td>59,5<\/td><td>59,5<\/td><td>59,5<\/td>        <\/tr>\n            <tr data-row_id=\"11\" class=\"ninja_table_row_10 nt_row_id_11\">\n            <td>Pazu<\/td><td>27,5<\/td><td>28<\/td><td>29<\/td><td>30,5<\/td>        <\/tr>\n            <tr data-row_id=\"12\" class=\"ninja_table_row_11 nt_row_id_12\">\n            <td>Bilek<\/td><td>19<\/td><td>19<\/td><td>20<\/td><td>22<\/td>        <\/tr>\n            <tr data-row_id=\"13\" class=\"ninja_table_row_12 nt_row_id_13\">\n            <td>Bald\u0131r<\/td><td>55<\/td><td>56<\/td><td>57<\/td><td>66<\/td>        <\/tr>\n            <tr data-row_id=\"14\" class=\"ninja_table_row_13 nt_row_id_14\">\n            <td>Diz<\/td><td>35<\/td><td>36<\/td><td>36<\/td><td>40<\/td>        <\/tr>\n            <tr data-row_id=\"15\" class=\"ninja_table_row_14 nt_row_id_15\">\n            <td>Ayak Bilek<\/td><td>24<\/td><td>25<\/td><td>25<\/td><td>25<\/td>        <\/tr>\n    <\/tbody><!--ninja_tobody_rendering_done-->\n    <\/table>\n                    <style type=\"text\/css\" id='ninja_table_custom_css_6090'>\n                        #footable_6090  {\n        font-family: inherit;\n        font-size: 14px;\n    }\n\n                <\/style>\n                \n    \n    \n<\/div>\n\n","protected":false},"excerpt":{"rendered":"<p>Female Pinocchio Half Leg Rehearsal Mannequin with Sleeves<\/p>\n","protected":false},"featured_media":6442,"comment_status":"open","ping_status":"closed","template":"","meta":[],"product_cat":[160,206],"product_tag":[174,183,187,185,207,200],"class_list":["post-6673","product","type-product","status-publish","has-post-thumbnail","hentry","product_cat-pinocchio-sleeve-rehearsal-mannequin","product_cat-pinocchio-sleeves-female-half-leg-rehearsal-mannequin","product_tag-female-pinocchio-sleeve-rehearsal-mannequin","product_tag-modablack-rehearsal-mannequins","product_tag-pinocchio-half-leg-rehearsal-mannequins-with-sleeves","product_tag-pinocchio-sleeve-rehearsal-mannequin","product_tag-prova-mankeni-en","product_tag-rehearsal-mannequin"],"_links":{"self":[{"href":"https:\/\/www.provamanken.com\/en\/wp-json\/wp\/v2\/product\/6673","targetHints":{"allow":["GET"]}}],"collection":[{"href":"https:\/\/www.provamanken.com\/en\/wp-json\/wp\/v2\/product"}],"about":[{"href":"https:\/\/www.provamanken.com\/en\/wp-json\/wp\/v2\/types\/product"}],"replies":[{"embeddable":true,"href":"https:\/\/www.provamanken.com\/en\/wp-json\/wp\/v2\/comments?post=6673"}],"wp:featuredmedia":[{"embeddable":true,"href":"https:\/\/www.provamanken.com\/en\/wp-json\/wp\/v2\/media\/6442"}],"wp:attachment":[{"href":"https:\/\/www.provamanken.com\/en\/wp-json\/wp\/v2\/media?parent=6673"}],"wp:term":[{"taxonomy":"product_cat","embeddable":true,"href":"https:\/\/www.provamanken.com\/en\/wp-json\/wp\/v2\/product_cat?post=6673"},{"taxonomy":"product_tag","embeddable":true,"href":"https:\/\/www.provamanken.com\/en\/wp-json\/wp\/v2\/product_tag?post=6673"}],"curies":[{"name":"wp","href":"https:\/\/api.w.org\/{rel}","templated":true}]}}